{"id":42,"date":"2018-04-27T17:22:45","date_gmt":"2018-04-27T15:22:45","guid":{"rendered":"https:\/\/chatkababyjagi.pl\/index.php\/urodziny\/"},"modified":"2024-04-17T15:52:22","modified_gmt":"2024-04-17T13:52:22","slug":"urodziny","status":"publish","type":"page","link":"https:\/\/chatkababyjagi.pl\/index.php\/urodziny\/","title":{"rendered":"Urodziny"},"content":{"rendered":"<p>[et_pb_section fb_built=&#8221;1&#8243; _builder_version=&#8221;4.16&#8243; custom_padding=&#8221;54px|0px|0|0px|false|false&#8221; global_colors_info=&#8221;{}&#8221;][et_pb_row _builder_version=&#8221;4.16&#8243; background_size=&#8221;initial&#8221; background_position=&#8221;top_left&#8221; background_repeat=&#8221;repeat&#8221; global_colors_info=&#8221;{}&#8221;][et_pb_column type=&#8221;4_4&#8243; _builder_version=&#8221;4.16&#8243; custom_padding=&#8221;|||&#8221; global_colors_info=&#8221;{}&#8221; custom_padding__hover=&#8221;|||&#8221;][et_pb_text _builder_version=&#8221;4.16&#8243; header_font=&#8221;Acme||||||||&#8221; header_letter_spacing=&#8221;2px&#8221; header_text_shadow_style=&#8221;preset1&#8243; global_colors_info=&#8221;{}&#8221;]<\/p>\n<h1 style=\"text-align: center;\"><strong>Urodziny<\/strong><\/h1>\n<p>[\/et_pb_text][et_pb_divider color=&#8221;#de1681&#8243; divider_style=&#8221;dotted&#8221; divider_weight=&#8221;3&#8243; _builder_version=&#8221;4.16&#8243; global_colors_info=&#8221;{}&#8221;][\/et_pb_divider][et_pb_text _builder_version=&#8221;4.16&#8243; text_font=&#8221;Comfortaa||||||||&#8221; text_text_color=&#8221;#000000&#8243; text_font_size=&#8221;16px&#8221; text_line_height=&#8221;1.8em&#8221; global_colors_info=&#8221;{}&#8221;]<\/p>\n<p><strong><span lang=\"pl-PL\">2Je\u017celi macie do\u015b\u0107 podobnych dzieci\u0119cych imprez do siebie zapraszamy do Chatki Baby Jagi. Niepowtarzalny klimat, \u015bwie\u017ce powietrze i du\u017co powod\u00f3w do zabawy spowoduj\u0105, \u017ce Wasze urodziny b\u0119d\u0105 wyj\u0105tkowe.<br \/><\/span><\/strong><\/p>\n<p><strong><span lang=\"pl-PL\">Sam decydujesz, czy chcesz wersj\u0119 ekonomiczn\u0105 czy wszystko mamy przygotowa\u0107 za Ciebie<\/span><\/strong><\/p>\n<p><strong><span lang=\"pl-PL\">Urodziny organizujemy jedynie w okresie i godzinach otwarcia sezonu.<\/span><\/strong><\/p>\n<p><strong><span lang=\"pl-PL\">Wst\u0119p jubilata jest gratis, reszta uczestnik\u00f3w imprezy 28 z\u0142.<\/span><\/strong><\/p>\n<p><strong><span lang=\"pl-PL\">Koszt obejmuje:<\/span><\/strong><\/p>\n<p><strong><span lang=\"pl-PL\">\u2013 animacja w domku Baby jagi<\/span><\/strong><\/p>\n<p><strong><span lang=\"pl-PL\">\u2013 udost\u0119pniony st\u00f3\u0142 z miejscami do siedzenia<\/span><\/strong><\/p>\n<p><strong><span lang=\"pl-PL\">\u2013 zabawa do godziny 12.00-17.00<\/span><\/strong><\/p>\n<p><strong><span lang=\"pl-PL\">Rodzice odpowiedzialni s\u0105:<\/span><\/strong><\/p>\n<p><strong><span lang=\"pl-PL\">\u2013 wystr\u00f3j urodzinowy<\/span><\/strong><\/p>\n<p><strong><span lang=\"pl-PL\">\u2013 konsumpcj\u0119 we w\u0142asnym zakresie<\/span><\/strong><\/p>\n<p><strong><span lang=\"pl-PL\">\u2013 bezpiecze\u0144stwo dzieci uczestnicz\u0105cych w zabawie<\/span><\/strong><\/p>\n<p><strong><span lang=\"pl-PL\">\u2013 sprz\u0105tanie po imprezie<\/span><\/strong><\/p>\n<p><em><strong><span lang=\"pl-PL\">Dodatkowo p\u0142atne (opcjonalnie)<\/span><\/strong><\/em><\/p>\n<p><strong>\u00a0&#8211; jest mo\u017cliwo\u015b\u0107 zorganizowania warsztat\u00f3w piernikowych pow. 10 os\u00f3b, koszt<\/strong><\/p>\n<p><strong>\u00a0 \u00a020\/os animacja dost\u0119pna tylko dla grup zorganizowanych<\/strong><\/p>\n<p><strong><span lang=\"pl-PL\">\u2013 ognisko 120 z\u0142<\/span><\/strong><\/p>\n<p><strong><span lang=\"pl-PL\">\u2013 animacja urodzinowa (dla ch\u0119tnych) 120 z\u0142 2 programy po 30 min.<\/span><\/strong><\/p>\n<p><strong><span lang=\"pl-PL\">\u2013 wyst\u00f3j, talerzyki, kubki, serwetki, sprz\u0105tanie 100 z\u0142 (opcjonalnie)<br \/><\/span><\/strong><\/p>\n<div id=\"gallery-1\" class=\"gallery galleryid-689 gallery-columns-2 gallery-size-medium\"><\/div>\n<p>[\/et_pb_text][et_pb_gallery gallery_ids=&#8221;93,95,153,154,155&#8243; show_title_and_caption=&#8221;off&#8221; show_pagination=&#8221;off&#8221; zoom_icon_color=&#8221;#de1681&#8243; hover_icon=&#8221;&#x54;||divi||400&#8243; _builder_version=&#8221;4.16&#8243; global_colors_info=&#8221;{}&#8221;][\/et_pb_gallery][\/et_pb_column][\/et_pb_row][\/et_pb_section][et_pb_section fb_built=&#8221;1&#8243; fullwidth=&#8221;on&#8221; _builder_version=&#8221;4.16&#8243; global_colors_info=&#8221;{}&#8221;][et_pb_fullwidth_header _builder_version=&#8221;4.16&#8243; background_color=&#8221;#7ebec5&#8243; background_image=&#8221;https:\/\/chatkababyjagi.pl\/wp-content\/uploads\/2018\/04\/chatka-baby-jagi-face1-960&#215;447.jpg&#8221; parallax=&#8221;on&#8221; custom_css_before=&#8221;height:250px;&#8221; custom_css_main_element=&#8221;height:250px;&#8221; custom_css_after=&#8221;height:250px;&#8221; global_colors_info=&#8221;{}&#8221; button_one_text_size__hover_enabled=&#8221;off&#8221; button_two_text_size__hover_enabled=&#8221;off&#8221; button_one_text_color__hover_enabled=&#8221;off&#8221; button_two_text_color__hover_enabled=&#8221;off&#8221; button_one_border_width__hover_enabled=&#8221;off&#8221; button_two_border_width__hover_enabled=&#8221;off&#8221; button_one_border_color__hover_enabled=&#8221;off&#8221; button_two_border_color__hover_enabled=&#8221;off&#8221; button_one_border_radius__hover_enabled=&#8221;off&#8221; button_two_border_radius__hover_enabled=&#8221;off&#8221; button_one_letter_spacing__hover_enabled=&#8221;off&#8221; button_two_letter_spacing__hover_enabled=&#8221;off&#8221; button_one_bg_color__hover_enabled=&#8221;off&#8221; button_two_bg_color__hover_enabled=&#8221;off&#8221;][\/et_pb_fullwidth_header][\/et_pb_section][et_pb_section fb_built=&#8221;1&#8243; _builder_version=&#8221;3.2&#8243; background_color=&#8221;#93512f&#8221; global_module=&#8221;77&#8243; global_colors_info=&#8221;{}&#8221;][et_pb_row _builder_version=&#8221;4.16&#8243; background_size=&#8221;initial&#8221; background_position=&#8221;top_left&#8221; background_repeat=&#8221;repeat&#8221; global_colors_info=&#8221;{}&#8221;][et_pb_column type=&#8221;4_4&#8243; _builder_version=&#8221;4.16&#8243; custom_padding=&#8221;|||&#8221; global_colors_info=&#8221;{}&#8221; custom_padding__hover=&#8221;|||&#8221;][et_pb_text _builder_version=&#8221;4.16&#8243; header_font=&#8221;Acme|||on|||||&#8221; header_text_align=&#8221;center&#8221; header_text_color=&#8221;#ffffff&#8221; header_letter_spacing=&#8221;2px&#8221; global_colors_info=&#8221;{}&#8221;]<\/p>\n<h1 style=\"text-align: center;\"><strong>KONTAKT<\/strong><\/h1>\n<p>[\/et_pb_text][\/et_pb_column][\/et_pb_row][et_pb_row column_structure=&#8221;1_2,1_2&#8243; _builder_version=&#8221;4.16&#8243; background_size=&#8221;initial&#8221; background_position=&#8221;top_left&#8221; background_repeat=&#8221;repeat&#8221; global_colors_info=&#8221;{}&#8221;][et_pb_column type=&#8221;1_2&#8243; _builder_version=&#8221;4.16&#8243; custom_padding=&#8221;|||&#8221; global_colors_info=&#8221;{}&#8221; custom_padding__hover=&#8221;|||&#8221;][et_pb_blurb title=&#8221;Andrzej Pawluczuk&#8221; use_icon=&#8221;on&#8221; font_icon=&#8221;&#xe108;||divi||400&#8243; icon_color=&#8221;#ffffff&#8221; icon_placement=&#8221;left&#8221; _builder_version=&#8221;4.16&#8243; background_layout=&#8221;dark&#8221; global_colors_info=&#8221;{}&#8221;]<\/p>\n<p>\u00a0<\/p>\n<p>[\/et_pb_blurb][et_pb_blurb title=&#8221;Orzeszkowo 98A 17-200 Hajn\u00f3wka&#8221; use_icon=&#8221;on&#8221; font_icon=&#8221;&#xe081;||divi||400&#8243; icon_color=&#8221;#ffffff&#8221; icon_placement=&#8221;left&#8221; _builder_version=&#8221;4.16&#8243; background_layout=&#8221;dark&#8221; global_colors_info=&#8221;{}&#8221;]<\/p>\n<p>\u00a0<\/p>\n<p>[\/et_pb_blurb][et_pb_blurb title=&#8221;papek895@wp.pl&#8221; use_icon=&#8221;on&#8221; font_icon=&#8221;&#xe010;||divi||400&#8243; icon_color=&#8221;#ffffff&#8221; icon_placement=&#8221;left&#8221; _builder_version=&#8221;4.16&#8243; background_layout=&#8221;dark&#8221; global_colors_info=&#8221;{}&#8221;]<\/p>\n<p>\u00a0<\/p>\n<p>[\/et_pb_blurb][et_pb_blurb title=&#8221;600 493 666&#8243; use_icon=&#8221;on&#8221; font_icon=&#8221;&#xe090;||divi||400&#8243; icon_color=&#8221;#ffffff&#8221; icon_placement=&#8221;left&#8221; _builder_version=&#8221;4.16&#8243; background_layout=&#8221;dark&#8221; global_colors_info=&#8221;{}&#8221;]<\/p>\n<p>\u00a0<\/p>\n<p>[\/et_pb_blurb][\/et_pb_column][et_pb_column type=&#8221;1_2&#8243; _builder_version=&#8221;4.16&#8243; custom_padding=&#8221;|||&#8221; global_colors_info=&#8221;{}&#8221; custom_padding__hover=&#8221;|||&#8221;][et_pb_contact_form captcha=&#8221;off&#8221; email=&#8221;papek895@wp.pl&#8221; module_id=&#8221;et_pb_contact_form_0&#8243; _builder_version=&#8221;4.16&#8243; _unique_id=&#8221;7ed0e6de-afe7-4ad3-ab10-239c589209b0&#8243; custom_button=&#8221;on&#8221; button_text_color=&#8221;#93512f&#8221; button_bg_color=&#8221;#ffffff&#8221; button_border_radius=&#8221;49&#8243; global_colors_info=&#8221;{}&#8221;][et_pb_contact_field field_id=&#8221;imi\u0119&#8221; field_title=&#8221;imi\u0119&#8221; fullwidth_field=&#8221;on&#8221; _builder_version=&#8221;4.16&#8243; global_colors_info=&#8221;{}&#8221; button_text_size__hover_enabled=&#8221;off&#8221; button_one_text_size__hover_enabled=&#8221;off&#8221; button_two_text_size__hover_enabled=&#8221;off&#8221; button_text_color__hover_enabled=&#8221;off&#8221; button_one_text_color__hover_enabled=&#8221;off&#8221; button_two_text_color__hover_enabled=&#8221;off&#8221; button_border_width__hover_enabled=&#8221;off&#8221; button_one_border_width__hover_enabled=&#8221;off&#8221; button_two_border_width__hover_enabled=&#8221;off&#8221; button_border_color__hover_enabled=&#8221;off&#8221; button_one_border_color__hover_enabled=&#8221;off&#8221; button_two_border_color__hover_enabled=&#8221;off&#8221; button_border_radius__hover_enabled=&#8221;off&#8221; button_one_border_radius__hover_enabled=&#8221;off&#8221; button_two_border_radius__hover_enabled=&#8221;off&#8221; button_letter_spacing__hover_enabled=&#8221;off&#8221; button_one_letter_spacing__hover_enabled=&#8221;off&#8221; button_two_letter_spacing__hover_enabled=&#8221;off&#8221; button_bg_color__hover_enabled=&#8221;off&#8221; button_one_bg_color__hover_enabled=&#8221;off&#8221; button_two_bg_color__hover_enabled=&#8221;off&#8221;][\/et_pb_contact_field][et_pb_contact_field field_id=&#8221;tutajmail&#8221; field_title=&#8221;Email&#8221; fullwidth_field=&#8221;on&#8221; _builder_version=&#8221;4.16&#8243; global_colors_info=&#8221;{}&#8221; button_text_size__hover_enabled=&#8221;off&#8221; button_one_text_size__hover_enabled=&#8221;off&#8221; button_two_text_size__hover_enabled=&#8221;off&#8221; button_text_color__hover_enabled=&#8221;off&#8221; button_one_text_color__hover_enabled=&#8221;off&#8221; button_two_text_color__hover_enabled=&#8221;off&#8221; button_border_width__hover_enabled=&#8221;off&#8221; button_one_border_width__hover_enabled=&#8221;off&#8221; button_two_border_width__hover_enabled=&#8221;off&#8221; button_border_color__hover_enabled=&#8221;off&#8221; button_one_border_color__hover_enabled=&#8221;off&#8221; button_two_border_color__hover_enabled=&#8221;off&#8221; button_border_radius__hover_enabled=&#8221;off&#8221; button_one_border_radius__hover_enabled=&#8221;off&#8221; button_two_border_radius__hover_enabled=&#8221;off&#8221; button_letter_spacing__hover_enabled=&#8221;off&#8221; button_one_letter_spacing__hover_enabled=&#8221;off&#8221; button_two_letter_spacing__hover_enabled=&#8221;off&#8221; button_bg_color__hover_enabled=&#8221;off&#8221; button_one_bg_color__hover_enabled=&#8221;off&#8221; button_two_bg_color__hover_enabled=&#8221;off&#8221;][\/et_pb_contact_field][et_pb_contact_field field_id=&#8221;Message&#8221; field_title=&#8221;Wiadomo\u015b\u0107&#8221; field_type=&#8221;text&#8221; fullwidth_field=&#8221;on&#8221; _builder_version=&#8221;4.16&#8243; global_colors_info=&#8221;{}&#8221; button_text_size__hover_enabled=&#8221;off&#8221; button_one_text_size__hover_enabled=&#8221;off&#8221; button_two_text_size__hover_enabled=&#8221;off&#8221; button_text_color__hover_enabled=&#8221;off&#8221; button_one_text_color__hover_enabled=&#8221;off&#8221; button_two_text_color__hover_enabled=&#8221;off&#8221; button_border_width__hover_enabled=&#8221;off&#8221; button_one_border_width__hover_enabled=&#8221;off&#8221; button_two_border_width__hover_enabled=&#8221;off&#8221; button_border_color__hover_enabled=&#8221;off&#8221; button_one_border_color__hover_enabled=&#8221;off&#8221; button_two_border_color__hover_enabled=&#8221;off&#8221; button_border_radius__hover_enabled=&#8221;off&#8221; button_one_border_radius__hover_enabled=&#8221;off&#8221; button_two_border_radius__hover_enabled=&#8221;off&#8221; button_letter_spacing__hover_enabled=&#8221;off&#8221; button_one_letter_spacing__hover_enabled=&#8221;off&#8221; button_two_letter_spacing__hover_enabled=&#8221;off&#8221; button_bg_color__hover_enabled=&#8221;off&#8221; button_one_bg_color__hover_enabled=&#8221;off&#8221; button_two_bg_color__hover_enabled=&#8221;off&#8221;][\/et_pb_contact_field][et_pb_contact_field field_id=&#8221;Wyra\u017cam_zgod\u0119&#8221; field_title=&#8221;Wyra\u017cam zgod\u0119&#8221; field_type=&#8221;checkbox&#8221; checkbox_options=&#8221;%91{%22value%22:%22na przetwarzanie moich danych osobowych Administratorem danych osobowych jest Andrzej Pawluczuk Wierobieja 18A 17-200 Hajn\u00f3wka NIP: 543-100-12-31. Dane wpsane w formularzu b\u0119d\u0105 przetwarzane w celu udzielenia odpowiedzi a przes\u0142ane zapytanie.%22,%22checked%22:0,%22dragID%22:-1}%93&#8243; fullwidth_field=&#8221;on&#8221; _builder_version=&#8221;4.16&#8243; form_field_text_color=&#8221;#ffffff&#8221; form_field_font=&#8221;||||||||&#8221; form_field_font_size=&#8221;10px&#8221; global_colors_info=&#8221;{}&#8221; button_text_size__hover_enabled=&#8221;off&#8221; button_one_text_size__hover_enabled=&#8221;off&#8221; button_two_text_size__hover_enabled=&#8221;off&#8221; button_text_color__hover_enabled=&#8221;off&#8221; button_one_text_color__hover_enabled=&#8221;off&#8221; button_two_text_color__hover_enabled=&#8221;off&#8221; button_border_width__hover_enabled=&#8221;off&#8221; button_one_border_width__hover_enabled=&#8221;off&#8221; button_two_border_width__hover_enabled=&#8221;off&#8221; button_border_color__hover_enabled=&#8221;off&#8221; button_one_border_color__hover_enabled=&#8221;off&#8221; button_two_border_color__hover_enabled=&#8221;off&#8221; button_border_radius__hover_enabled=&#8221;off&#8221; button_one_border_radius__hover_enabled=&#8221;off&#8221; button_two_border_radius__hover_enabled=&#8221;off&#8221; button_letter_spacing__hover_enabled=&#8221;off&#8221; button_one_letter_spacing__hover_enabled=&#8221;off&#8221; button_two_letter_spacing__hover_enabled=&#8221;off&#8221; button_bg_color__hover_enabled=&#8221;off&#8221; button_one_bg_color__hover_enabled=&#8221;off&#8221; button_two_bg_color__hover_enabled=&#8221;off&#8221;][\/et_pb_contact_field][\/et_pb_contact_form][\/et_pb_column][\/et_pb_row][\/et_pb_section][et_pb_section fb_built=&#8221;1&#8243; fullwidth=&#8221;on&#8221; _builder_version=&#8221;3.2&#8243; global_module=&#8221;78&#8243; global_colors_info=&#8221;{}&#8221;][et_pb_fullwidth_code _builder_version=&#8221;4.16&#8243; text_orientation=&#8221;center&#8221; global_colors_info=&#8221;{}&#8221;]<iframe loading=\"lazy\" src=\"https:\/\/www.google.com\/maps\/embed?pb=!1m14!1m8!1m3!1d4838.146835227337!2d23.566228!3d52.676712!3m2!1i1024!2i768!4f13.1!3m3!1m2!1s0x472040d39d24dfdf%3A0xe9bd7c3190bd0c02!2sOrzeszkowo+98A%2C+17-200+Orzeszkowo!5e0!3m2!1spl!2spl!4v1524843941791\" width=\"2500\" height=\"450\" frameborder=\"0\" style=\"border:0\" allowfullscreen><\/iframe>[\/et_pb_fullwidth_code][\/et_pb_section]<\/p>\n","protected":false},"excerpt":{"rendered":"<p>Urodziny2Je\u017celi macie do\u015b\u0107 podobnych dzieci\u0119cych imprez do siebie zapraszamy do Chatki Baby Jagi. Niepowtarzalny klimat, \u015bwie\u017ce powietrze i du\u017co powod\u00f3w do zabawy spowoduj\u0105, \u017ce Wasze urodziny b\u0119d\u0105 wyj\u0105tkowe. Sam decydujesz, czy chcesz wersj\u0119 ekonomiczn\u0105 czy wszystko mamy przygotowa\u0107 za Ciebie Urodziny organizujemy jedynie w okresie i godzinach otwarcia sezonu. Wst\u0119p jubilata jest gratis, reszta uczestnik\u00f3w [&hellip;]<\/p>\n","protected":false},"author":1,"featured_media":0,"parent":0,"menu_order":0,"comment_status":"closed","ping_status":"closed","template":"","meta":{"_et_pb_use_builder":"on","_et_pb_old_content":"","_et_gb_content_width":"","footnotes":""},"class_list":["post-42","page","type-page","status-publish","hentry"],"_links":{"self":[{"href":"https:\/\/chatkababyjagi.pl\/index.php\/wp-json\/wp\/v2\/pages\/42"}],"collection":[{"href":"https:\/\/chatkababyjagi.pl\/index.php\/wp-json\/wp\/v2\/pages"}],"about":[{"href":"https:\/\/chatkababyjagi.pl\/index.php\/wp-json\/wp\/v2\/types\/page"}],"author":[{"embeddable":true,"href":"https:\/\/chatkababyjagi.pl\/index.php\/wp-json\/wp\/v2\/users\/1"}],"replies":[{"embeddable":true,"href":"https:\/\/chatkababyjagi.pl\/index.php\/wp-json\/wp\/v2\/comments?post=42"}],"version-history":[{"count":1,"href":"https:\/\/chatkababyjagi.pl\/index.php\/wp-json\/wp\/v2\/pages\/42\/revisions"}],"predecessor-version":[{"id":304,"href":"https:\/\/chatkababyjagi.pl\/index.php\/wp-json\/wp\/v2\/pages\/42\/revisions\/304"}],"wp:attachment":[{"href":"https:\/\/chatkababyjagi.pl\/index.php\/wp-json\/wp\/v2\/media?parent=42"}],"curies":[{"name":"wp","href":"https:\/\/api.w.org\/{rel}","templated":true}]}}